{"id":1679,"date":"2025-11-05T15:35:39","date_gmt":"2025-11-05T20:35:39","guid":{"rendered":"https:\/\/fondationduchum.com\/?page_id=1679"},"modified":"2026-02-19T14:34:50","modified_gmt":"2026-02-19T19:34:50","slug":"monthly-gifts","status":"publish","type":"page","link":"https:\/\/fondationduchum.com\/en\/contribute-to-the-cause\/ways-to-give\/monthly-gifts\/","title":{"rendered":"Monthly gifts"},"content":{"rendered":"\n<div class=\"wp-block-columns is-layout-flex wp-container-core-columns-is-layout-28f84493 wp-block-columns-is-layout-flex\">\n<div class=\"wp-block-column is-layout-flow wp-block-column-is-layout-flow\" style=\"flex-basis:5%\"><\/div>\n\n\n\n<div class=\"wp-block-column is-layout-flow wp-block-column-is-layout-flow\" style=\"flex-basis:90%\">\n<p class=\"has-text-align-center\">Monthly gifts are a great way to support the <a href=\"https:\/\/www.chumontreal.qc.ca\/\" target=\"_blank\" rel=\"noreferrer noopener\">Centre hospitalier de l&#8217;Universit\u00e9 de Montr\u00e9al<\/a> (CHUM). As a monthly donor, you\u2019re a constant source of support for the CHUM. Your generosity makes it possible for the CHUM\u2019s teams to push the boundaries of medicine, provide patients with the best care possible and heal the people who entrust them with their health each year.<\/p>\n<\/div>\n\n\n\n<div class=\"wp-block-column is-layout-flow wp-block-column-is-layout-flow\" style=\"flex-basis:5%\"><\/div>\n<\/div>\n\n\n\n<div class=\"wp-block-buttons is-content-justification-center is-layout-flex wp-container-core-buttons-is-layout-a89b3969 wp-block-buttons-is-layout-flex\">\n<div class=\"wp-block-button\"><a class=\"wp-block-button__link wp-element-button\" href=\"https:\/\/fondationduchum.com\/en\/give-now\/\" target=\"_blank\" rel=\"noreferrer noopener\">I want to donate monthly<\/a><\/div>\n<\/div>\n\n\n\n<div class=\"wp-block-columns alignwide is-layout-flex wp-container-core-columns-is-layout-28f84493 wp-block-columns-is-layout-flex\">\n<div class=\"wp-block-column is-layout-flow wp-block-column-is-layout-flow\">\n<figure class=\"wp-block-image size-large is-style-doubble-radius\"><img decoding=\"async\" width=\"1024\" height=\"684\" src=\"https:\/\/fondationduchum.com\/wp-content\/uploads\/2025\/11\/1172-2-RET-2-1024x684.png\" alt=\"\" class=\"wp-image-1890\" srcset=\"https:\/\/fondationduchum.com\/wp-content\/uploads\/2025\/11\/1172-2-RET-2-1024x684.png 1024w, https:\/\/fondationduchum.com\/wp-content\/uploads\/2025\/11\/1172-2-RET-2-300x200.png 300w, https:\/\/fondationduchum.com\/wp-content\/uploads\/2025\/11\/1172-2-RET-2-768x513.png 768w, https:\/\/fondationduchum.com\/wp-content\/uploads\/2025\/11\/1172-2-RET-2.png 1360w\" sizes=\"(max-width: 1024px) 100vw, 1024px\" \/><\/figure>\n<\/div>\n\n\n\n<div class=\"wp-block-column is-layout-flow wp-block-column-is-layout-flow\">\n<div style=\"height:16px\" aria-hidden=\"true\" class=\"wp-block-spacer\"><\/div>\n\n\n\n<h2 class=\"wp-block-heading\">What is a monthly gift?<\/h2>\n\n\n\n<p>Monthly gifts are a great way to support the CHUM and its research centre all year long. When you make a monthly gift, a set amount is automatically donated to the CHUM Foundation each month from your debit or credit card.<\/p>\n<\/div>\n<\/div>\n\n\n\n<section class=\"wp-block-vortex-blocks-cards-group cards-group alignfull\"><div class=\"cards-group__inner container\"><div class=\"cards-group__heading\"><h2 class=\"cards-group__title\">5 good reasons to choose monthly giving<\/h2><div class=\"cards-group__description\"><\/div><\/div><div class=\"cards-group__container\"> \n<div class=\"card-item\"\n                       >\n    <div class=\"card-item__inner\">          <span class=\"card-item__icon icon icon-coeur\"><\/span>\n              <p class=\"card-item__title\">Feel-good factor<\/p>\n              <div class=\"card-item__description\">Studies have shown that giving is good for us. When you give monthly, you\u2019ll feel good year-round.<\/div>\n          <\/div><\/div>\n\n\n \n<div class=\"card-item\"\n                       >\n    <div class=\"card-item__inner\">          <span class=\"card-item__icon icon icon-coeur\"><\/span>\n              <p class=\"card-item__title\">Powerful impact<\/p>\n              <div class=\"card-item__description\">Monthly gifts have fewer administrative fees\u2014so they cost us less. You can also opt to cover the fees for us so that your full gift goes to helping patients.<\/div>\n          <\/div><\/div>\n\n\n \n<div class=\"card-item\"\n                       >\n    <div class=\"card-item__inner\">          <span class=\"card-item__icon icon icon-coeur\"><\/span>\n              <p class=\"card-item__title\">Practical recordkeeping<\/p>\n              <div class=\"card-item__description\">You get a single tax receipt with all your donations for the year. No need to scrounge up a stack of receipts for your financial records at year-end.<\/div>\n          <\/div><\/div>\n\n\n \n<div class=\"card-item\"\n                       >\n    <div class=\"card-item__inner\">          <span class=\"card-item__icon icon icon-coeur\"><\/span>\n              <p class=\"card-item__title\">Greener communications<\/p>\n              <div class=\"card-item__description\">You\u2019ll only receive one mailout: our impact report. Our digital newsletter will keep you up to date on the latest at the CHUM.<\/div>\n          <\/div><\/div>\n\n\n \n<div class=\"card-item\"\n                       >\n    <div class=\"card-item__inner\">          <span class=\"card-item__icon icon icon-coeur\"><\/span>\n              <p class=\"card-item__title\">Easy sign-up<\/p>\n              <div class=\"card-item__description\">Fill out our online form or call us to become a monthly donor. Want to change your gift? It\u2019s easy\u2014just let us know.<\/div>\n          <\/div><\/div>\n<\/div><img decoding=\"async\" src=\"https:\/\/fondationduchum.com\/wp-content\/uploads\/2026\/01\/DaVinci_DrZorn-RET-scaled-e1770931177614.jpg\" alt=\"\" class=\"cards-group__image\"\/><\/div><\/section>\n\n\n\n<div class=\"wp-block-columns are-vertically-aligned-center has-light-blue-background-color has-background is-layout-flex wp-container-core-columns-is-layout-28f84493 wp-block-columns-is-layout-flex\">\n<div class=\"wp-block-column is-vertically-aligned-center is-layout-flow wp-block-column-is-layout-flow\" style=\"flex-basis:66.66%\">\n<h4 class=\"wp-block-heading\">Your generosity does more than you think! You and thousands of other donors make it possible for CHUM patients to get the best care available in Quebec.<\/h4>\n<\/div>\n\n\n\n<div class=\"wp-block-column is-vertically-aligned-center is-layout-flow wp-block-column-is-layout-flow\" style=\"flex-basis:33.33%\">\n<figure class=\"wp-block-image aligncenter size-full is-resized\"><img decoding=\"async\" src=\"https:\/\/fondationduchum.com\/wp-content\/uploads\/2025\/11\/icone_coeur_RVB_jaune.png\" alt=\"\" class=\"wp-image-1229\" style=\"width:150px;height:auto\"\/><\/figure>\n<\/div>\n<\/div>\n\n\n\n  <section class=\"block-testimonials alignwide\"\n  >\n\n    <div class=\"block-testimonials__header\">\n              <h2>Your testimonials<\/h2>\n      \n              <div class=\"block-testimonials__header__links\">\n          <a href=\"https:\/\/fondationduchum.com\/en\/why-give\/your-testimonials\/\" class=\"btn\">Read more<\/a>        <\/div>\n          <\/div>\n\n    <div class=\"block-testimonials__carousel-wrapper\">\n      <div class=\"block-testimonials__carousel swiper\">\n        <div class=\"swiper-wrapper\">\n                      <div class=\"swiper-slide block-testimonials__slide\">\n              \n<a class=\"post-item-testimonial\" href=\"https:\/\/fondationduchum.com\/en\/why-give\/your-testimonials\/richard-is-giving-a-head-start\/\" aria-label=\"Read post &quot;How Richard is giving future generations a head start&quot;\">\n  <div class=\"post-item-testimonial__img\">\n    <img decoding=\"async\" width=\"1024\" height=\"768\" src=\"https:\/\/fondationduchum.com\/wp-content\/uploads\/2026\/04\/DP_Richard_Lavoie-1024x768.jpg\" class=\"attachment-large size-large wp-post-image\" alt=\"Le donateur Richard Lavoie\" sizes=\"(min-width:1441px) 420px, (min-width:1200px) 21vw, (min-width:768px) 41vw, 77vw\" srcset=\"https:\/\/fondationduchum.com\/wp-content\/uploads\/2026\/04\/DP_Richard_Lavoie-1024x768.jpg 1024w, https:\/\/fondationduchum.com\/wp-content\/uploads\/2026\/04\/DP_Richard_Lavoie-300x225.jpg 300w, https:\/\/fondationduchum.com\/wp-content\/uploads\/2026\/04\/DP_Richard_Lavoie-768x576.jpg 768w, https:\/\/fondationduchum.com\/wp-content\/uploads\/2026\/04\/DP_Richard_Lavoie-1536x1152.jpg 1536w, https:\/\/fondationduchum.com\/wp-content\/uploads\/2026\/04\/DP_Richard_Lavoie-2048x1536.jpg 2048w\" \/>  <\/div>\n\n  <div class=\"post-item-testimonial__title__wrapper\">\n    <span class=\"post-item-testimonial__title\">How Richard is giving future generations a head start<\/span>\n          <p class=\"post-item-testimonial__excerpt\">Richard Lavoie has always had a big heart, both with his partner of the past forty [&#8230;]<\/p>\n      <\/div>\n<\/a>\n            <\/div>\n                      <div class=\"swiper-slide block-testimonials__slide\">\n              \n<a class=\"post-item-testimonial\" href=\"https:\/\/fondationduchum.com\/en\/why-give\/your-testimonials\/lyne-s-family-values\/\" aria-label=\"Read post &quot;Lyne\u2019s family values live on through her legacy&quot;\">\n  <div class=\"post-item-testimonial__img\">\n    <img decoding=\"async\" width=\"612\" height=\"404\" src=\"https:\/\/fondationduchum.com\/wp-content\/uploads\/2026\/05\/La-generosite-de-Lyne-Hart.jpg\" class=\"attachment-large size-large wp-post-image\" alt=\"La g\u00e9n\u00e9rosit\u00e9 de Lyne Hart\" sizes=\"(min-width:1441px) 420px, (min-width:1200px) 21vw, (min-width:768px) 41vw, 77vw\" srcset=\"https:\/\/fondationduchum.com\/wp-content\/uploads\/2026\/05\/La-generosite-de-Lyne-Hart.jpg 612w, https:\/\/fondationduchum.com\/wp-content\/uploads\/2026\/05\/La-generosite-de-Lyne-Hart-300x198.jpg 300w\" \/>  <\/div>\n\n  <div class=\"post-item-testimonial__title__wrapper\">\n    <span class=\"post-item-testimonial__title\">Lyne\u2019s family values live on through her legacy<\/span>\n          <p class=\"post-item-testimonial__excerpt\">In Lyne Hart\u2019s family, generosity is in their blood. That\u2019s why she decided to\u00a0include a gift [&#8230;]<\/p>\n      <\/div>\n<\/a>\n            <\/div>\n                      <div class=\"swiper-slide block-testimonials__slide\">\n              \n<a class=\"post-item-testimonial\" href=\"https:\/\/fondationduchum.com\/en\/why-give\/your-testimonials\/louis-from-epilepsy-to-freedom\/\" aria-label=\"Read post &quot;Epilepsy: How surgery at the CHUM changed Louis\u2019s life for good&quot;\">\n  <div class=\"post-item-testimonial__img\">\n    <img decoding=\"async\" width=\"771\" height=\"1024\" src=\"https:\/\/fondationduchum.com\/wp-content\/uploads\/2026\/04\/PXL_20250503_212035179.PORTRAIT-771x1024.jpg\" class=\"attachment-large size-large wp-post-image\" alt=\"Louis Harris\" sizes=\"(min-width:1441px) 420px, (min-width:1200px) 21vw, (min-width:768px) 41vw, 77vw\" srcset=\"https:\/\/fondationduchum.com\/wp-content\/uploads\/2026\/04\/PXL_20250503_212035179.PORTRAIT-771x1024.jpg 771w, https:\/\/fondationduchum.com\/wp-content\/uploads\/2026\/04\/PXL_20250503_212035179.PORTRAIT-226x300.jpg 226w, https:\/\/fondationduchum.com\/wp-content\/uploads\/2026\/04\/PXL_20250503_212035179.PORTRAIT-768x1020.jpg 768w, https:\/\/fondationduchum.com\/wp-content\/uploads\/2026\/04\/PXL_20250503_212035179.PORTRAIT-1157x1536.jpg 1157w, https:\/\/fondationduchum.com\/wp-content\/uploads\/2026\/04\/PXL_20250503_212035179.PORTRAIT-1542x2048.jpg 1542w, https:\/\/fondationduchum.com\/wp-content\/uploads\/2026\/04\/PXL_20250503_212035179.PORTRAIT-scaled.jpg 1928w\" \/>  <\/div>\n\n  <div class=\"post-item-testimonial__title__wrapper\">\n    <span class=\"post-item-testimonial__title\">Epilepsy: How surgery at the CHUM changed Louis\u2019s life for good<\/span>\n          <p class=\"post-item-testimonial__excerpt\">Twenty-nine-year-old Louis Harris is an engineer who lives life to the fullest. He didn\u2019t always have [&#8230;]<\/p>\n      <\/div>\n<\/a>\n            <\/div>\n                  <\/div>\n      <\/div>\n      <div class=\"vtx-swiper__navigation-wrapper\">\n        <div class=\"swiper-pagination vtx-swiper__pagination\"><\/div>\n        <div class=\"vtx-swiper__navigation\">\n          <div class=\"swiper-button-prev vtx-swiper__prev\"><\/div>\n          <div class=\"swiper-button-next vtx-swiper__next\"><\/div>\n        <\/div>\n      <\/div>\n    <\/div>\n\n    <div class=\"block-testimonials__footer\">\n              <div class=\"block-testimonials__header__links\">\n          <a href=\"https:\/\/fondationduchum.com\/en\/why-give\/your-testimonials\/\" class=\"btn\">Read more<\/a>        <\/div>\n          <\/div>\n  <\/section>\n\n\n\n<div class=\"wp-block-columns alignfull has-light-blue-background-color has-background is-layout-flex wp-container-core-columns-is-layout-28f84493 wp-block-columns-is-layout-flex\">\n<div class=\"wp-block-column has-light-blue-background-color has-background is-layout-flow wp-block-column-is-layout-flow\" style=\"flex-basis:5%\">\n<p><\/p>\n<\/div>\n\n\n\n<div class=\"wp-block-column is-layout-flow wp-block-column-is-layout-flow\" style=\"flex-basis:90%\"><section class=\"links-icon-block aligndefault\"\n>\n                  <div class=\"link-icon-item-block\">\n          <div class=\"link-icon-item\">\n                          <div class=\"link-icon-item__icon\">\n                <span class=\"icon icon-soleil\"><\/span>\n              <\/div>\n                        <span class=\"link-icon-item__label\">Prefer to donate by phone? Call us at 1-866-DON-CHUM.<\/span>\n          <\/div>\n        <\/div>\n          <\/section>\n<\/div>\n\n\n\n<div class=\"wp-block-column is-layout-flow wp-block-column-is-layout-flow\" style=\"flex-basis:5%\"><\/div>\n<\/div>\n","protected":false},"excerpt":{"rendered":"<p>Monthly gifts are a great way to support the Centre hospitalier de l&#8217;Universit\u00e9 de Montr\u00e9al[&#8230;];<\/p>\n","protected":false},"author":1,"featured_media":0,"parent":435,"menu_order":0,"comment_status":"closed","ping_status":"closed","template":"","meta":{"_acf_changed":false,"footnotes":""},"class_list":["post-1679","page","type-page","status-publish","hentry"],"acf":[],"_links":{"self":[{"href":"https:\/\/fondationduchum.com\/en\/wp-json\/wp\/v2\/pages\/1679","targetHints":{"allow":["GET"]}}],"collection":[{"href":"https:\/\/fondationduchum.com\/en\/wp-json\/wp\/v2\/pages"}],"about":[{"href":"https:\/\/fondationduchum.com\/en\/wp-json\/wp\/v2\/types\/page"}],"author":[{"embeddable":true,"href":"https:\/\/fondationduchum.com\/en\/wp-json\/wp\/v2\/users\/1"}],"replies":[{"embeddable":true,"href":"https:\/\/fondationduchum.com\/en\/wp-json\/wp\/v2\/comments?post=1679"}],"version-history":[{"count":7,"href":"https:\/\/fondationduchum.com\/en\/wp-json\/wp\/v2\/pages\/1679\/revisions"}],"predecessor-version":[{"id":6176,"href":"https:\/\/fondationduchum.com\/en\/wp-json\/wp\/v2\/pages\/1679\/revisions\/6176"}],"up":[{"embeddable":true,"href":"https:\/\/fondationduchum.com\/en\/wp-json\/wp\/v2\/pages\/435"}],"wp:attachment":[{"href":"https:\/\/fondationduchum.com\/en\/wp-json\/wp\/v2\/media?parent=1679"}],"curies":[{"name":"wp","href":"https:\/\/api.w.org\/{rel}","templated":true}]}}