{"id":2240,"date":"2025-11-03T17:16:27","date_gmt":"2025-11-03T22:16:27","guid":{"rendered":"https:\/\/fondationduchum.com\/?page_id=2240"},"modified":"2026-03-23T14:26:53","modified_gmt":"2026-03-23T18:26:53","slug":"leaders-circle","status":"publish","type":"page","link":"https:\/\/fondationduchum.com\/en\/about\/foundation-allies\/leaders-circle\/","title":{"rendered":"Leaders&#8217; Circle"},"content":{"rendered":"\n<div class=\"wp-block-columns is-layout-flex wp-container-core-columns-is-layout-28f84493 wp-block-columns-is-layout-flex\">\n<div class=\"wp-block-column is-layout-flow wp-block-column-is-layout-flow\" style=\"flex-basis:5%\"><\/div>\n\n\n\n<div class=\"wp-block-column is-layout-flow wp-block-column-is-layout-flow\" style=\"flex-basis:90%\">\n<p class=\"has-text-align-center\">Each member of the Leaders\u2019 Circle actively supports the CHUM Foundation by donating a cumulative total of $1,000 to $9,999 each year. This circle, which includes CHUM staff, former patients and their loved ones, provide critical financial backing to the CHUM and its research centre.<\/p>\n<\/div>\n\n\n\n<div class=\"wp-block-column is-layout-flow wp-block-column-is-layout-flow\" style=\"flex-basis:5%\"><\/div>\n<\/div>\n\n\n<section class=\"links-icon-block aligndefault\"\n>\n                  <div class=\"link-icon-item-block\">\n          <div class=\"link-icon-item\">\n                          <div class=\"link-icon-item__icon\">\n                <span class=\"icon icon-coeur\"><\/span>\n              <\/div>\n                        <span class=\"link-icon-item__label\">Thanks to the commitment of our Leaders&#039; Circle, teams at one of North America&#039;s largest university hospitals continue to excel in medical research and innovation, offering new hope for recovery to an ever-growing number of patients.<\/span>\n          <\/div>\n        <\/div>\n          <\/section>\n\n\n\n<div class=\"wp-block-columns has-white-color has-light-blue-background-color has-text-color has-background has-link-color wp-elements-46b1645bf0f7e1db2536e6725b67fae8 is-layout-flex wp-container-core-columns-is-layout-28f84493 wp-block-columns-is-layout-flex\">\n<div class=\"wp-block-column is-layout-flow wp-block-column-is-layout-flow\">\n<h4 class=\"wp-block-heading has-text-align-center has-primary-color has-text-color has-link-color wp-elements-eb353bbad7a08860bd2ae5e7f7a6eeaa\">Be part of the solution<\/h4>\n\n\n\n<p class=\"has-text-align-center has-primary-color has-text-color has-link-color wp-elements-52a75c34e11fac16ae2bc2ce67f2f0d0\">Here\u2019s your chance to help the CHUM\u2019s teams push the boundaries of medicine and ensure world-class healthcare, right here in Quebec. Get involved and become an inspiration for countless others.<\/p>\n\n\n\n<div class=\"wp-block-buttons is-content-justification-center is-layout-flex wp-container-core-buttons-is-layout-a89b3969 wp-block-buttons-is-layout-flex\">\n<div class=\"wp-block-button is-style-secondary\"><a class=\"wp-block-button__link wp-element-button\" href=\"https:\/\/fondationduchum.com\/en\/one-time-gift-leaders\/\">Give now<\/a><\/div>\n<\/div>\n<\/div>\n<\/div>\n\n\n\n<h2 class=\"wp-block-heading\">Exclusive perks<\/h2>\n\n\n\n<div class=\"wp-block-columns is-layout-flex wp-container-core-columns-is-layout-28f84493 wp-block-columns-is-layout-flex\">\n<div class=\"wp-block-column is-layout-flow wp-block-column-is-layout-flow\"><section class=\"block-accordions-group accordion-container aligndefault\">\n  \n<div id=\"go-behind-the-scenes-at-the-chum\" class=\"accordion ac\">\n  <div class=\"accordion__accordion\">\n    <button class=\"accordion__header-row accordion-toggle ac-header ac-trigger\">\n      <p class=\"accordion__header__title\">        Go behind the scenes at the CHUM      <\/p>      <span class=\"accordion__header__icon\" role=\"presentation\">\n        <span class=\"plus\"><\/span>\n      <\/span>\n    <\/button>\n    <div class=\"accordion__sub-rows wysiwyg ac-panel\">\n      \n\n<ul class=\"wp-block-list\">\n<li>Enjoy VIP guided tours of the CHUM and its research centre\u2015a rare sneak peek into where the magic happens<\/li>\n\n\n\n<li>Attend lectures by eminent CHUM scientists on the latest medical breakthroughs<\/li>\n\n\n\n<li>Gain access to unique volunteering opportunities<\/li>\n<\/ul>\n\n    <\/div>\n  <\/div>\n<\/div>\n\n\n<div id=\"recognition-for-your-generosity\" class=\"accordion ac\">\n  <div class=\"accordion__accordion\">\n    <button class=\"accordion__header-row accordion-toggle ac-header ac-trigger\">\n      <p class=\"accordion__header__title\">        Recognition for your generosity      <\/p>      <span class=\"accordion__header__icon\" role=\"presentation\">\n        <span class=\"plus\"><\/span>\n      <\/span>\n    <\/button>\n    <div class=\"accordion__sub-rows wysiwyg ac-panel\">\n      \n\n<ul class=\"wp-block-list\">\n<li>The opportunity to share your story and your commitment in the Foundation\u2019s newsletter<\/li>\n\n\n\n<li>A recognized contribution in various Foundation and CHUM communications media<\/li>\n<\/ul>\n\n    <\/div>\n  <\/div>\n<\/div>\n\n<\/section>\n<\/div>\n\n\n\n<div class=\"wp-block-column is-layout-flow wp-block-column-is-layout-flow\">\n<figure class=\"wp-block-image size-large is-style-top-right-radius\"><img decoding=\"async\" width=\"1024\" height=\"787\" src=\"https:\/\/fondationduchum.com\/wp-content\/uploads\/2026\/01\/CHUM-44-RET-1024x787.jpg\" alt=\"\" class=\"wp-image-3347\" srcset=\"https:\/\/fondationduchum.com\/wp-content\/uploads\/2026\/01\/CHUM-44-RET-1024x787.jpg 1024w, https:\/\/fondationduchum.com\/wp-content\/uploads\/2026\/01\/CHUM-44-RET-300x230.jpg 300w, https:\/\/fondationduchum.com\/wp-content\/uploads\/2026\/01\/CHUM-44-RET-768x590.jpg 768w, https:\/\/fondationduchum.com\/wp-content\/uploads\/2026\/01\/CHUM-44-RET-1536x1180.jpg 1536w, https:\/\/fondationduchum.com\/wp-content\/uploads\/2026\/01\/CHUM-44-RET-2048x1573.jpg 2048w\" sizes=\"(max-width: 1024px) 100vw, 1024px\" \/><\/figure>\n<\/div>\n<\/div>\n\n\n\n<div class=\"wp-block-columns alignfull is-style-stats has-light-yellow-background-color has-background is-layout-flex wp-container-core-columns-is-layout-28f84493 wp-block-columns-is-layout-flex\">\n<div class=\"wp-block-column is-layout-flow wp-block-column-is-layout-flow\" style=\"flex-basis:5%\"><\/div>\n\n\n\n<div class=\"wp-block-column is-layout-constrained wp-block-column-is-layout-constrained\" style=\"flex-basis:30%\">\n<figure class=\"wp-block-image alignright size-full\"><img decoding=\"async\" width=\"200\" height=\"200\" src=\"https:\/\/fondationduchum.com\/wp-content\/uploads\/2025\/11\/Creation-sans-titre-2.png\" alt=\"\" class=\"wp-image-1209\" srcset=\"https:\/\/fondationduchum.com\/wp-content\/uploads\/2025\/11\/Creation-sans-titre-2.png 200w, https:\/\/fondationduchum.com\/wp-content\/uploads\/2025\/11\/Creation-sans-titre-2-150x150.png 150w\" sizes=\"(max-width: 200px) 100vw, 200px\" \/><\/figure>\n<\/div>\n\n\n\n<div class=\"wp-block-column is-layout-flow wp-block-column-is-layout-flow\" style=\"flex-basis:60%\">\n<blockquote class=\"wp-block-quote is-layout-flow wp-block-quote-is-layout-flow\">\n<p>\u201cAfter my mother and brother died of liver diseases, I felt powerless for a long time. It felt so unfair. Then I decided to channel that into supporting research in order to transform the lives of countless other people. As a donor in the Leaders\u2019 Circle, I\u2019m proud to be doing my part for progress.\u201d<\/p>\n\n\n\n<p><strong><strong>Ketty Doutre, <\/strong><\/strong>member of the CHUM Foundation Leaders\u2019 Circle<\/p>\n<\/blockquote>\n<\/div>\n\n\n\n<div class=\"wp-block-column is-layout-flow wp-block-column-is-layout-flow\" style=\"flex-basis:5%\"><\/div>\n<\/div>\n\n\n\n<div class=\"wp-block-columns is-style-bottom-right-radius has-light-blue-background-color has-background is-layout-flex wp-container-core-columns-is-layout-28f84493 wp-block-columns-is-layout-flex\">\n<div class=\"wp-block-column is-layout-flow wp-block-column-is-layout-flow\" style=\"flex-basis:10%\"><\/div>\n\n\n\n<div class=\"wp-block-column is-layout-flow wp-block-column-is-layout-flow\" style=\"flex-basis:80%\">\n<h4 class=\"wp-block-heading has-green-color has-text-color has-link-color wp-elements-f3be41eac78acde59b5a305f0cdc7b6a\">Becoming a Leader: It\u2019s easier than you think<\/h4>\n\n\n\n<p><em>Depending on your circumstances, you may be able to recoup as much as half of your donation. Check out the table below for the actual cost of your donation:<\/em><\/p>\n\n\n\n<figure class=\"wp-block-table\"><table class=\"has-fixed-layout\"><thead><tr><th class=\"has-text-align-center\" data-align=\"center\">DONATION<\/th><th class=\"has-text-align-center\" data-align=\"center\">TAX CREDITS<\/th><th class=\"has-text-align-center\" data-align=\"center\">ACTUAL COST<\/th><\/tr><\/thead><tbody><tr><td class=\"has-text-align-center\" data-align=\"center\">$1,000<\/td><td class=\"has-text-align-center\" data-align=\"center\">$494<\/td><td class=\"has-text-align-center\" data-align=\"center\">$506<\/td><\/tr><tr><td class=\"has-text-align-center\" data-align=\"center\">$2,500<\/td><td class=\"has-text-align-center\" data-align=\"center\">$1,289<\/td><td class=\"has-text-align-center\" data-align=\"center\">$1,211<\/td><\/tr><tr><td class=\"has-text-align-center\" data-align=\"center\">$5,000<\/td><td class=\"has-text-align-center\" data-align=\"center\">$2,614<\/td><td class=\"has-text-align-center\" data-align=\"center\">$2,386<\/td><\/tr><tr><td class=\"has-text-align-center\" data-align=\"center\">$7,500<\/td><td class=\"has-text-align-center\" data-align=\"center\">$3,939<\/td><td class=\"has-text-align-center\" data-align=\"center\">$3,561<\/td><\/tr><\/tbody><\/table><\/figure>\n<\/div>\n\n\n\n<div class=\"wp-block-column is-layout-flow wp-block-column-is-layout-flow\" style=\"flex-basis:10%\"><\/div>\n<\/div>\n\n\n  <section class=\"images-gallery-block aligndefault columns-4\"\n  >\n    <div class=\"images-gallery-block__grid\">\n              <div class=\"images-gallery-block__grid__item\">\n          <a class=\"images-gallery-block__grid__item__link\" href=\"https:\/\/fondationduchum.com\/wp-content\/uploads\/2025\/11\/DSC_1384.jpg\" data-fancybox=\"block_fc8d911acda2fcb0859bd6bf3e1f65a2\" data-caption=\"PR-3765 Logistec - Temple de la renomme\">\n            <img decoding=\"async\" src=\"https:\/\/fondationduchum.com\/wp-content\/uploads\/2025\/11\/DSC_1384-768x512.jpg\" alt=\"\">\n            <div class=\"images-gallery-block__grid__item__overlay\">\n              <span class=\"vtx-icon vtx-icon-search\" aria-hidden=\"true\"><\/span>\n              <p class=\"sr-only\">See image in full size<\/p>\n            <\/div>\n          <\/a>\n        <\/div>\n              <div class=\"images-gallery-block__grid__item\">\n          <a class=\"images-gallery-block__grid__item__link\" href=\"https:\/\/fondationduchum.com\/wp-content\/uploads\/2025\/11\/3510_0923-scaled-1.jpg\" data-fancybox=\"block_fc8d911acda2fcb0859bd6bf3e1f65a2\" data-caption=\"Grand Banquet de l&#039;extraordinaire\">\n            <img decoding=\"async\" src=\"https:\/\/fondationduchum.com\/wp-content\/uploads\/2025\/11\/3510_0923-scaled-1-768x512.jpg\" alt=\"\">\n            <div class=\"images-gallery-block__grid__item__overlay\">\n              <span class=\"vtx-icon vtx-icon-search\" aria-hidden=\"true\"><\/span>\n              <p class=\"sr-only\">See image in full size<\/p>\n            <\/div>\n          <\/a>\n        <\/div>\n              <div class=\"images-gallery-block__grid__item\">\n          <a class=\"images-gallery-block__grid__item__link\" href=\"https:\/\/fondationduchum.com\/wp-content\/uploads\/2025\/11\/OSA_0876-scaled-1.jpg\" data-fancybox=\"block_fc8d911acda2fcb0859bd6bf3e1f65a2\" data-caption=\"Grand Banquet de l&#039;extraordinaire\">\n            <img decoding=\"async\" src=\"https:\/\/fondationduchum.com\/wp-content\/uploads\/2025\/11\/OSA_0876-scaled-1-768x512.jpg\" alt=\"\">\n            <div class=\"images-gallery-block__grid__item__overlay\">\n              <span class=\"vtx-icon vtx-icon-search\" aria-hidden=\"true\"><\/span>\n              <p class=\"sr-only\">See image in full size<\/p>\n            <\/div>\n          <\/a>\n        <\/div>\n              <div class=\"images-gallery-block__grid__item\">\n          <a class=\"images-gallery-block__grid__item__link\" href=\"https:\/\/fondationduchum.com\/wp-content\/uploads\/2025\/11\/240214_Fondation-Donateurs-Benevolat_8858HR-scaled-1.jpg\" data-fancybox=\"block_fc8d911acda2fcb0859bd6bf3e1f65a2\" data-caption=\"Activit\u00e9 de b\u00e9n\u00e9volat au CHUM\">\n            <img decoding=\"async\" src=\"https:\/\/fondationduchum.com\/wp-content\/uploads\/2025\/11\/240214_Fondation-Donateurs-Benevolat_8858HR-scaled-1-768x516.jpg\" alt=\"\">\n            <div class=\"images-gallery-block__grid__item__overlay\">\n              <span class=\"vtx-icon vtx-icon-search\" aria-hidden=\"true\"><\/span>\n              <p class=\"sr-only\">See image in full size<\/p>\n            <\/div>\n          <\/a>\n        <\/div>\n              <div class=\"images-gallery-block__grid__item\">\n          <a class=\"images-gallery-block__grid__item__link\" href=\"https:\/\/fondationduchum.com\/wp-content\/uploads\/2025\/11\/53546535502_4c8bed9816_k.jpg\" data-fancybox=\"block_fc8d911acda2fcb0859bd6bf3e1f65a2\" data-caption=\"Cocktail de r\u00e9seautage\">\n            <img decoding=\"async\" src=\"https:\/\/fondationduchum.com\/wp-content\/uploads\/2025\/11\/53546535502_4c8bed9816_k-768x512.jpg\" alt=\"\">\n            <div class=\"images-gallery-block__grid__item__overlay\">\n              <span class=\"vtx-icon vtx-icon-search\" aria-hidden=\"true\"><\/span>\n              <p class=\"sr-only\">See image in full size<\/p>\n            <\/div>\n          <\/a>\n        <\/div>\n              <div class=\"images-gallery-block__grid__item\">\n          <a class=\"images-gallery-block__grid__item__link\" href=\"https:\/\/fondationduchum.com\/wp-content\/uploads\/2025\/11\/3510_1469-scaled-1.jpg\" data-fancybox=\"block_fc8d911acda2fcb0859bd6bf3e1f65a2\" data-caption=\"Grand Banquet de l&#039;extraordinaire\">\n            <img decoding=\"async\" src=\"https:\/\/fondationduchum.com\/wp-content\/uploads\/2025\/11\/3510_1469-scaled-1-768x512.jpg\" alt=\"\">\n            <div class=\"images-gallery-block__grid__item__overlay\">\n              <span class=\"vtx-icon vtx-icon-search\" aria-hidden=\"true\"><\/span>\n              <p class=\"sr-only\">See image in full size<\/p>\n            <\/div>\n          <\/a>\n        <\/div>\n          <\/div>\n  <\/section>\n  \n\n\n<div class=\"wp-block-media-text has-media-on-the-right is-stacked-on-mobile is-image-fill-element is-style-doubble-radius has-primary-background-color has-background\" style=\"grid-template-columns:auto 31%\" id=\"nous-contacter\"><div class=\"wp-block-media-text__content\">\n<div style=\"height:38px\" aria-hidden=\"true\" class=\"wp-block-spacer\"><\/div>\n\n\n\n<h2 class=\"wp-block-heading has-green-color has-text-color has-link-color wp-elements-d971e77d50b395ff8083ef4d8e55b570\" id=\"contactez-nous\">Contact us<\/h2>\n\n\n\n<p class=\"has-light-blue-color has-text-color has-link-color wp-elements-3b4959cf9c9b8dd51324c930ee07bdd5\">Claim your place in the CHUM Foundation\u2019s Leaders\u2019 Circle\u2014a community of over 550 philanthropists highly committed to acting faster than disease. To join the Leaders&#8217; Circle or learn more about the different ways you can donate, contact us.<br><br><strong>Ellen McGinnis<br><\/strong>Director, Annual Campaign<br><a href=\"mailto:leader@fondationduchum.com\" target=\"_blank\" rel=\"noreferrer noopener\">leader@fondationduchum.com<\/a><\/p>\n\n\n\n<div style=\"height:80px\" aria-hidden=\"true\" class=\"wp-block-spacer\"><\/div>\n<\/div><figure class=\"wp-block-media-text__media\"><img decoding=\"async\" width=\"1024\" height=\"876\" src=\"https:\/\/fondationduchum.com\/wp-content\/uploads\/2026\/01\/McGinnis_Ellen-9734_final_m-1024x876.jpg\" alt=\"\" class=\"wp-image-2973 size-full\" style=\"object-position:50% 50%\" srcset=\"https:\/\/fondationduchum.com\/wp-content\/uploads\/2026\/01\/McGinnis_Ellen-9734_final_m-1024x876.jpg 1024w, https:\/\/fondationduchum.com\/wp-content\/uploads\/2026\/01\/McGinnis_Ellen-9734_final_m-300x257.jpg 300w, https:\/\/fondationduchum.com\/wp-content\/uploads\/2026\/01\/McGinnis_Ellen-9734_final_m-768x657.jpg 768w, https:\/\/fondationduchum.com\/wp-content\/uploads\/2026\/01\/McGinnis_Ellen-9734_final_m-1536x1314.jpg 1536w, https:\/\/fondationduchum.com\/wp-content\/uploads\/2026\/01\/McGinnis_Ellen-9734_final_m-2048x1752.jpg 2048w\" sizes=\"(max-width: 1024px) 100vw, 1024px\" \/><\/figure><\/div>\n","protected":false},"excerpt":{"rendered":"<p>Each member of the Leaders\u2019 Circle actively supports the CHUM Foundation by donating a cumulative[&#8230;];<\/p>\n","protected":false},"author":1,"featured_media":0,"parent":424,"menu_order":0,"comment_status":"closed","ping_status":"closed","template":"","meta":{"_acf_changed":false,"footnotes":""},"class_list":["post-2240","page","type-page","status-publish","hentry"],"acf":[],"_links":{"self":[{"href":"https:\/\/fondationduchum.com\/en\/wp-json\/wp\/v2\/pages\/2240","targetHints":{"allow":["GET"]}}],"collection":[{"href":"https:\/\/fondationduchum.com\/en\/wp-json\/wp\/v2\/pages"}],"about":[{"href":"https:\/\/fondationduchum.com\/en\/wp-json\/wp\/v2\/types\/page"}],"author":[{"embeddable":true,"href":"https:\/\/fondationduchum.com\/en\/wp-json\/wp\/v2\/users\/1"}],"replies":[{"embeddable":true,"href":"https:\/\/fondationduchum.com\/en\/wp-json\/wp\/v2\/comments?post=2240"}],"version-history":[{"count":8,"href":"https:\/\/fondationduchum.com\/en\/wp-json\/wp\/v2\/pages\/2240\/revisions"}],"predecessor-version":[{"id":6806,"href":"https:\/\/fondationduchum.com\/en\/wp-json\/wp\/v2\/pages\/2240\/revisions\/6806"}],"up":[{"embeddable":true,"href":"https:\/\/fondationduchum.com\/en\/wp-json\/wp\/v2\/pages\/424"}],"wp:attachment":[{"href":"https:\/\/fondationduchum.com\/en\/wp-json\/wp\/v2\/media?parent=2240"}],"curies":[{"name":"wp","href":"https:\/\/api.w.org\/{rel}","templated":true}]}}