{"id":2869,"date":"2026-01-16T14:35:48","date_gmt":"2026-01-16T19:35:48","guid":{"rendered":"https:\/\/fondationduchum.com\/why-give\/priority-projects\/eliminer-le-cancer-2-2-2\/"},"modified":"2026-02-19T15:11:46","modified_gmt":"2026-02-19T20:11:46","slug":"revolutionizing-care-for-heart-and-metabolic-diseases","status":"publish","type":"page","link":"https:\/\/fondationduchum.com\/en\/why-give\/where-your-donations-go\/revolutionizing-care-for-heart-and-metabolic-diseases\/","title":{"rendered":"Revolutionizing care for heart and metabolic diseases"},"content":{"rendered":"\n<div class=\"wp-block-media-text is-stacked-on-mobile is-vertically-aligned-center is-image-fill-element is-style-doubble-radius has-light-yellow-background-color has-background\"><figure class=\"wp-block-media-text__media\"><img decoding=\"async\" width=\"900\" height=\"588\" src=\"https:\/\/fondationduchum.com\/wp-content\/uploads\/2026\/01\/natasha-joseph.webp\" alt=\"\" class=\"wp-image-2822 size-full\" style=\"object-position:50% 50%\" srcset=\"https:\/\/fondationduchum.com\/wp-content\/uploads\/2026\/01\/natasha-joseph.webp 900w, https:\/\/fondationduchum.com\/wp-content\/uploads\/2026\/01\/natasha-joseph-300x196.webp 300w, https:\/\/fondationduchum.com\/wp-content\/uploads\/2026\/01\/natasha-joseph-768x502.webp 768w\" sizes=\"(max-width: 900px) 100vw, 900px\" \/><\/figure><div class=\"wp-block-media-text__content\">\n<div style=\"height:100px\" aria-hidden=\"true\" class=\"wp-block-spacer\"><\/div>\n\n\n\n<h2 class=\"wp-block-heading\">Natasha Joseph<\/h2>\n\n\n\n<p class=\"has-large-font-size\"><strong>Underwent open-heart surgery at the CHUM after a heart attack<\/strong><\/p>\n\n\n\n<p>\u201cAs a single mom, I put everyone ahead of myself and ignored the warning signs from my body. I never would have thought I could have a heart attack. You\u2019re providing all women with invaluable support to keep our hearts healthy.\u201d<\/p>\n\n\n\n<div style=\"height:100px\" aria-hidden=\"true\" class=\"wp-block-spacer\"><\/div>\n<\/div><\/div>\n\n\n\n<div class=\"wp-block-columns is-layout-flex wp-container-core-columns-is-layout-28f84493 wp-block-columns-is-layout-flex\">\n<div class=\"wp-block-column is-layout-flow wp-block-column-is-layout-flow\">\n<h2 class=\"wp-block-heading\">What drives us<\/h2>\n\n\n\n<div class=\"wp-block-columns is-style-bottom-right-radius has-light-blue-background-color has-background is-layout-flex wp-container-core-columns-is-layout-28f84493 wp-block-columns-is-layout-flex\">\n<div class=\"wp-block-column is-layout-flow wp-block-column-is-layout-flow\">\n<h3 class=\"wp-block-heading\">33% <br>Heart disease affects 1 in 3 Canadians.<\/h3>\n<\/div>\n<\/div>\n\n\n\n<p>Heart disease is the number two cause of death in Canada, and when combined with metabolic diseases like type 2 diabetes or obesity, results in cardiometabolic syndrome\u2014a major downward factor on life expectancy in North America. In Canada, 1 in 3 people has cardiometabolic syndrome, and 3.4 million people have type 2 diabetes.<\/p>\n<\/div>\n\n\n\n<div class=\"wp-block-column is-layout-flow wp-block-column-is-layout-flow\">\n<h2 class=\"wp-block-heading\">What you make possible<\/h2>\n\n\n\n<div class=\"wp-block-media-text is-stacked-on-mobile is-image-fill-element\" style=\"grid-template-columns:40% auto\"><figure class=\"wp-block-media-text__media\"><img decoding=\"async\" width=\"788\" height=\"460\" src=\"https:\/\/fondationduchum.com\/wp-content\/uploads\/2026\/01\/CardioF.webp\" alt=\"\" class=\"wp-image-2818 size-full\" style=\"object-position:50% 50%\" srcset=\"https:\/\/fondationduchum.com\/wp-content\/uploads\/2026\/01\/CardioF.webp 788w, https:\/\/fondationduchum.com\/wp-content\/uploads\/2026\/01\/CardioF-300x175.webp 300w, https:\/\/fondationduchum.com\/wp-content\/uploads\/2026\/01\/CardioF-768x448.webp 768w\" sizes=\"(max-width: 788px) 100vw, 788px\" \/><\/figure><div class=\"wp-block-media-text__content\">\n<h4 class=\"wp-block-heading\">Cardio F clinic: Taking women\u2019s heart health to heart<\/h4>\n\n\n\n<div class=\"wp-block-buttons is-layout-flex wp-block-buttons-is-layout-flex\">\n<div class=\"wp-block-button\"><a class=\"wp-block-button__link wp-element-button\" href=\"https:\/\/fondationduchum.com\/en\/news\/cardio-f-clinic-taking-womens-heart-health-to-heart\/\">Learn more<\/a><\/div>\n<\/div>\n<\/div><\/div>\n\n\n\n<div class=\"wp-block-media-text is-stacked-on-mobile is-image-fill-element\" style=\"grid-template-columns:40% auto\"><figure class=\"wp-block-media-text__media\"><img decoding=\"async\" width=\"788\" height=\"460\" src=\"https:\/\/fondationduchum.com\/wp-content\/uploads\/2026\/01\/CED-1.webp\" alt=\"\" class=\"wp-image-2820 size-full\" style=\"object-position:73% 62%\" srcset=\"https:\/\/fondationduchum.com\/wp-content\/uploads\/2026\/01\/CED-1.webp 788w, https:\/\/fondationduchum.com\/wp-content\/uploads\/2026\/01\/CED-1-300x175.webp 300w, https:\/\/fondationduchum.com\/wp-content\/uploads\/2026\/01\/CED-1-768x448.webp 768w\" sizes=\"(max-width: 788px) 100vw, 788px\" \/><\/figure><div class=\"wp-block-media-text__content\">\n<h4 class=\"wp-block-heading\">Centre d\u2019expertise en diab\u00e8te : une r\u00e9f\u00e9rence au Qu\u00e9bec<\/h4>\n\n\n\n<div class=\"wp-block-buttons is-layout-flex wp-block-buttons-is-layout-flex\">\n<div class=\"wp-block-button\"><a class=\"wp-block-button__link wp-element-button\" href=\"https:\/\/fondationduchum.com\/en\/news\/centre-dexpertise-en-diabete-une-reference-au-quebec\/\">Learn more<\/a><\/div>\n<\/div>\n<\/div><\/div>\n<\/div>\n<\/div>\n\n\n\n<div class=\"wp-block-columns has-light-blue-background-color has-background is-layout-flex wp-container-core-columns-is-layout-28f84493 wp-block-columns-is-layout-flex\">\n<div class=\"wp-block-column is-layout-flow wp-block-column-is-layout-flow\">\n<figure class=\"wp-block-image aligncenter size-full is-resized\"><img decoding=\"async\" src=\"https:\/\/fondationduchum.com\/wp-content\/uploads\/2025\/11\/icone_coeur_RVB_jaune.png\" alt=\"\" class=\"wp-image-1229\" style=\"width:50px\"\/><\/figure>\n\n\n\n<h3 class=\"wp-block-heading has-text-align-center\">Every day, your generosity changes<br>and saves lives.<\/h3>\n\n\n\n<div class=\"wp-block-buttons is-content-justification-center is-layout-flex wp-container-core-buttons-is-layout-a89b3969 wp-block-buttons-is-layout-flex\">\n<div class=\"wp-block-button\"><a class=\"wp-block-button__link wp-element-button\" href=\"https:\/\/fondationduchum.com\/en\/give-now\/\">I give<\/a><\/div>\n<\/div>\n<\/div>\n<\/div>\n\n\n\n<p><\/p>\n","protected":false},"excerpt":{"rendered":"<p>What drives us 33% Heart disease affects 1 in 3 Canadians. Heart disease is the[&#8230;];<\/p>\n","protected":false},"author":1,"featured_media":0,"parent":438,"menu_order":23,"comment_status":"closed","ping_status":"closed","template":"","meta":{"_acf_changed":false,"footnotes":""},"class_list":["post-2869","page","type-page","status-publish","hentry"],"acf":[],"_links":{"self":[{"href":"https:\/\/fondationduchum.com\/en\/wp-json\/wp\/v2\/pages\/2869","targetHints":{"allow":["GET"]}}],"collection":[{"href":"https:\/\/fondationduchum.com\/en\/wp-json\/wp\/v2\/pages"}],"about":[{"href":"https:\/\/fondationduchum.com\/en\/wp-json\/wp\/v2\/types\/page"}],"author":[{"embeddable":true,"href":"https:\/\/fondationduchum.com\/en\/wp-json\/wp\/v2\/users\/1"}],"replies":[{"embeddable":true,"href":"https:\/\/fondationduchum.com\/en\/wp-json\/wp\/v2\/comments?post=2869"}],"version-history":[{"count":4,"href":"https:\/\/fondationduchum.com\/en\/wp-json\/wp\/v2\/pages\/2869\/revisions"}],"predecessor-version":[{"id":6207,"href":"https:\/\/fondationduchum.com\/en\/wp-json\/wp\/v2\/pages\/2869\/revisions\/6207"}],"up":[{"embeddable":true,"href":"https:\/\/fondationduchum.com\/en\/wp-json\/wp\/v2\/pages\/438"}],"wp:attachment":[{"href":"https:\/\/fondationduchum.com\/en\/wp-json\/wp\/v2\/media?parent=2869"}],"curies":[{"name":"wp","href":"https:\/\/api.w.org\/{rel}","templated":true}]}}