{"id":410,"date":"2025-10-09T10:10:38","date_gmt":"2025-10-09T14:10:38","guid":{"rendered":"https:\/\/fondationduchum.com\/home\/"},"modified":"2026-04-30T13:38:08","modified_gmt":"2026-04-30T17:38:08","slug":"home","status":"publish","type":"page","link":"https:\/\/fondationduchum.com\/en\/","title":{"rendered":"Homepage"},"content":{"rendered":"\n<div class=\"wp-block-columns alignfull is-style-bottom-right-radius has-light-blue-background-color has-background is-layout-flex wp-container-core-columns-is-layout-28f84493 wp-block-columns-is-layout-flex\">\n<div class=\"wp-block-column is-layout-flow wp-block-column-is-layout-flow\">\n<div class=\"wp-block-columns is-layout-flex wp-container-core-columns-is-layout-28f84493 wp-block-columns-is-layout-flex\">\n<div class=\"wp-block-column is-layout-flow wp-block-column-is-layout-flow\">\n<section class=\"wp-block-vortex-blocks-cards-icon-group cards-icon-group alignfull\"><div class=\"cards-icon-group__inner container\"><div class=\"cards-icon-group__heading\"><h2 class=\"cards-icon-group__title\">Giving to beat disease<\/h2><div class=\"cards-icon-group__description\">Every day, your generosity changes and saves lives. Your donations allow the CHUM to acquire cutting-edge equipment, provide ever-more advanced care, and support innovative research and teaching projects that shape the medicine of tomorrow. <strong>Together, let\u2019s work faster than disease.<\/strong><\/div><\/div><div class=\"cards-icon-group__container\"> \n<div class=\"card-icon-item\" \n                       >\n  <a href=\"https:\/\/fondationduchum.com\/en\/give-now\/\" class=\"card-icon-item__inner\">          <img decoding=\"async\" class=\"card-icon-item__img\" src=\"https:\/\/fondationduchum.com\/wp-content\/uploads\/2025\/11\/don-unique-acces-rapide.png\" alt=\"Monthly gift\" \/>\n              <span class=\"card-icon-item__icon icon icon-coeur\"><\/span>\n              <p class=\"card-icon-item__title\">Monthly gift<\/p>\n      <\/a><\/div>\n\n\n \n<div class=\"card-icon-item\" \n                       >\n  <a href=\"https:\/\/fondationduchum.com\/en\/give-now\/#blackbaud-donation-form_2ece028a-85db-4634-8f2b-dfdb170f565b\" class=\"card-icon-item__inner\">          <img decoding=\"async\" class=\"card-icon-item__img\" src=\"https:\/\/fondationduchum.com\/wp-content\/uploads\/2025\/11\/don-mensuel-acces-rapide.png\" alt=\"One-time gift\" \/>\n              <span class=\"card-icon-item__icon icon icon-coeur\"><\/span>\n              <p class=\"card-icon-item__title\">One-time gift<\/p>\n      <\/a><\/div>\n\n\n \n<div class=\"card-icon-item\" \n                       >\n  <a href=\"https:\/\/fondationduchum.com\/en\/contribute-to-the-cause\/ways-to-give\/legacy-gifts\/\" class=\"card-icon-item__inner\">          <img decoding=\"async\" class=\"card-icon-item__img\" src=\"https:\/\/fondationduchum.com\/wp-content\/uploads\/2025\/11\/don-testamentaire-acces-rapide-e1771623425795.png\" alt=\"Legacy gift\" \/>\n              <span class=\"card-icon-item__icon icon icon-coeur\"><\/span>\n              <p class=\"card-icon-item__title\">Legacy gift<\/p>\n      <\/a><\/div>\n<\/div><a href=\"https:\/\/fondationduchum.com\/en\/contribute-to-the-cause\/ways-to-give\/\" target=\"\" class=\"cards-icon-group__link btn\">View all the ways to give<\/a><\/div><\/section>\n<\/div>\n<\/div>\n<\/div>\n<\/div>\n\n\n\n  <section class=\"block-events alignwide\"\n  >\n\n    <div class=\"block-events__header\">\n              <h2>Events<\/h2>\n            <div class=\"block-events__textintro wysiwyg\">\n                  <p>The CHUM Foundation events offer unparalleled experiences while giving CHUM physicians, researchers, and other staff members the means to achieve their ambitions, benefiting the hundreds of thousands of people treated at our hospital.<\/p>\n                          <div class=\"block-events__header__links\">\n            <a href=\"https:\/\/fondationduchum.com\/en\/foundation-events\/\" class=\"btn\">See all events<\/a>          <\/div>\n              <\/div>\n    <\/div>\n\n    <div class=\"block-events__carousel-wrappers\">\n      <div class=\"block-events__carousel swiper\">\n        <div class=\"swiper-wrapper\">\n                      <div class=\"swiper-slide block-events__slide\">\n              \n<a class=\"post-item\" href=\"https:\/\/fondationduchum.com\/en\/foundation-events\/pack-your-bags\/\" aria-label=\"Read post &quot;Pack your Bags&quot;\">\n  <div class=\"post-item__img\">\n    <img decoding=\"async\" width=\"768\" height=\"292\" src=\"https:\/\/fondationduchum.com\/wp-content\/uploads\/2026\/01\/062-FM-FdC_FVV26_Banniere-evenements_SansPrix_EN-768x292.png\" class=\"attachment-medium_large size-medium_large wp-post-image\" alt=\"\" sizes=\"(min-width:768px) 41vw, 77vw\" srcset=\"https:\/\/fondationduchum.com\/wp-content\/uploads\/2026\/01\/062-FM-FdC_FVV26_Banniere-evenements_SansPrix_EN-768x292.png 768w, https:\/\/fondationduchum.com\/wp-content\/uploads\/2026\/01\/062-FM-FdC_FVV26_Banniere-evenements_SansPrix_EN-300x114.png 300w, https:\/\/fondationduchum.com\/wp-content\/uploads\/2026\/01\/062-FM-FdC_FVV26_Banniere-evenements_SansPrix_EN-1024x389.png 1024w, https:\/\/fondationduchum.com\/wp-content\/uploads\/2026\/01\/062-FM-FdC_FVV26_Banniere-evenements_SansPrix_EN-1536x584.png 1536w, https:\/\/fondationduchum.com\/wp-content\/uploads\/2026\/01\/062-FM-FdC_FVV26_Banniere-evenements_SansPrix_EN.png 1920w\" \/>  <\/div>\n\n  <div class=\"post-item__title__wrapper\">\n    <span class=\"post-item__title\">Pack your Bags<\/span>\n    <p class=\"post-item__excerpt\">Description Pack Your Bags 2026: Your chance to win big and help build a healthier future! [&#8230;]<\/p>\n  <\/div>\n\n      <div class=\"post-item__categories\">\n              <span class='post-item__category'>\n          <span class=\"category-label\">Lottery<\/span>\n        <\/span>\n          <\/div>\n                  <\/a>\n            <\/div>\n                  <\/div>\n      <\/div>\n      <div class=\"vtx-swiper__navigation-wrapper\">\n        <div class=\"swiper-pagination vtx-swiper__pagination\"><\/div>\n        <div class=\"vtx-swiper__navigation\">\n          <div class=\"swiper-button-prev vtx-swiper__prev\"><\/div>\n          <div class=\"swiper-button-next vtx-swiper__next\"><\/div>\n        <\/div>\n      <\/div>\n    <\/div>\n    <div class=\"block-news__footer\">\n              <div class=\"block-news__header__links\">\n          <a href=\"https:\/\/fondationduchum.com\/en\/foundation-events\/\" class=\"btn\">See all events<\/a>        <\/div>\n          <\/div>\n  <\/section>\n\n\n\n<div class=\"wp-block-columns alignwide is-style-stats has-light-yellow-background-color has-background is-layout-flex wp-container-core-columns-is-layout-28f84493 wp-block-columns-is-layout-flex\">\n<div class=\"wp-block-column is-layout-flow wp-block-column-is-layout-flow\">\n<div class=\"wp-block-columns alignwide is-layout-flex wp-container-core-columns-is-layout-28f84493 wp-block-columns-is-layout-flex\">\n<div class=\"wp-block-column is-layout-flow wp-block-column-is-layout-flow\" style=\"flex-basis:55%\">\n<h2 class=\"wp-block-heading\">The impact of your generosity<\/h2>\n\n\n\n<p>For 25 years, donors to the CHUM Foundation have been a driving force behind one of North America\u2019s largest university hospitals. Your generosity has enabled the CHUM to remain at the forefront of all the latest developments and innovations.<\/p>\n\n\n\n<div class=\"wp-block-buttons is-layout-flex wp-block-buttons-is-layout-flex\">\n<div class=\"wp-block-button\"><a class=\"wp-block-button__link wp-element-button\" href=\"https:\/\/fondationduchum.com\/en\/why-give\/where-your-donations-go\/\">Where your donations go<\/a><\/div>\n<\/div>\n<\/div>\n\n\n\n<div class=\"wp-block-column is-layout-flow wp-block-column-is-layout-flow\" style=\"flex-basis:45%\">\n<h2 class=\"wp-block-heading is-style-item-stats\"><strong>2<\/strong>7 years<\/h2>\n\n\n\n<p>How long your donations have been equipping CHUM teams and accelerating our technological discoveries.<\/p>\n\n\n\n<hr class=\"wp-block-separator has-alpha-channel-opacity\"\/>\n\n\n\n<h2 class=\"wp-block-heading is-style-item-stats\">$<strong>428632957<\/strong><\/h2>\n\n\n\n<p>The total amount raised by the CHUM Foundation since 1998.<\/p>\n\n\n\n<hr class=\"wp-block-separator has-alpha-channel-opacity\"\/>\n\n\n\n<h2 class=\"wp-block-heading is-style-item-stats\"><strong>1<\/strong>st<\/h2>\n\n\n\n<p>The CHUM is Quebec\u2019s leading hospital when it comes to cutting-edge technology.<\/p>\n<\/div>\n<\/div>\n<\/div>\n<\/div>\n\n\n\n  <section class=\"block-news alignwide\"\n  >\n\n    <div class=\"block-news__header\">\n              <h2>News<\/h2>\n      \n              <div class=\"block-news__header__links\">\n          <a href=\"https:\/\/fondationduchum.com\/en\/news\/\" class=\"btn\">Read more<\/a>        <\/div>\n          <\/div>\n\n    <div class=\"block-news__carousel-wrappers\">\n      <div class=\"block-news__carousel swiper\">\n        <div class=\"swiper-wrapper\">\n                      <div class=\"swiper-slide block-news__slide\">\n              \n<a class=\"post-item\" href=\"https:\/\/fondationduchum.com\/en\/news\/untitled_1\/\" aria-label=\"Read post &quot;Untitled_1&quot;\">\n  <div class=\"post-item__img\">\n    <img decoding=\"async\" src=\"https:\/\/fondationduchum.com\/wp-content\/themes\/fondationduchum.com\/dist\/images\/defaults\/default.jpg\" sizes=\"(min-width:768px) 41vw, 77vw\" alt=\"\">  <\/div>\n  <div class=\"post-item__title__wrapper\">\n    <span class=\"post-item__title\">Untitled_1<\/span>\n    <p class=\"post-item__excerpt\"><\/p>\n  <\/div>\n  <div class=\"post-item__date\">\n    <span class=\"post-item__day\">15<\/span>\n    <span class=\"post-item__month-year\">May 2026<\/span>\n  <\/div>\n<\/a>\n            <\/div>\n                      <div class=\"swiper-slide block-news__slide\">\n              \n<a class=\"post-item\" href=\"https:\/\/fondationduchum.com\/en\/news\/untitled\/\" aria-label=\"Read post &quot;Untitled&quot;\">\n  <div class=\"post-item__img\">\n    <img decoding=\"async\" src=\"https:\/\/fondationduchum.com\/wp-content\/themes\/fondationduchum.com\/dist\/images\/defaults\/default.jpg\" sizes=\"(min-width:768px) 41vw, 77vw\" alt=\"\">  <\/div>\n  <div class=\"post-item__title__wrapper\">\n    <span class=\"post-item__title\">Untitled<\/span>\n    <p class=\"post-item__excerpt\"><\/p>\n  <\/div>\n  <div class=\"post-item__date\">\n    <span class=\"post-item__day\">15<\/span>\n    <span class=\"post-item__month-year\">May 2026<\/span>\n  <\/div>\n<\/a>\n            <\/div>\n                      <div class=\"swiper-slide block-news__slide\">\n              \n<a class=\"post-item\" href=\"https:\/\/fondationduchum.com\/en\/news\/entre-deux-battements-2026\/\" aria-label=\"Read post &quot;Entre deux battements: A powerful first edition&quot;\">\n  <div class=\"post-item__img\">\n    <img decoding=\"async\" width=\"768\" height=\"512\" src=\"https:\/\/fondationduchum.com\/wp-content\/uploads\/2026\/04\/raisonnable_chumfoil0087-768x512.jpg\" class=\"attachment-medium_large size-medium_large wp-post-image\" alt=\"Entre deux battements, soir\u00e9e du comit\u00e9 rel\u00e8ve de la fondation du chum\" sizes=\"(min-width:768px) 41vw, 77vw\" srcset=\"https:\/\/fondationduchum.com\/wp-content\/uploads\/2026\/04\/raisonnable_chumfoil0087-768x512.jpg 768w, https:\/\/fondationduchum.com\/wp-content\/uploads\/2026\/04\/raisonnable_chumfoil0087-300x200.jpg 300w, https:\/\/fondationduchum.com\/wp-content\/uploads\/2026\/04\/raisonnable_chumfoil0087-1024x683.jpg 1024w, https:\/\/fondationduchum.com\/wp-content\/uploads\/2026\/04\/raisonnable_chumfoil0087-1536x1024.jpg 1536w, https:\/\/fondationduchum.com\/wp-content\/uploads\/2026\/04\/raisonnable_chumfoil0087-2048x1365.jpg 2048w\" \/>  <\/div>\n  <div class=\"post-item__title__wrapper\">\n    <span class=\"post-item__title\">Entre deux battements: A powerful first edition<\/span>\n    <p class=\"post-item__excerpt\">On April 24, the CHUM Foundation\u2019s Leaders of Tomorrow Committee presented the very first edition of [&#8230;]<\/p>\n  <\/div>\n  <div class=\"post-item__date\">\n    <span class=\"post-item__day\">30<\/span>\n    <span class=\"post-item__month-year\">April 2026<\/span>\n  <\/div>\n<\/a>\n            <\/div>\n                      <div class=\"swiper-slide block-news__slide\">\n              \n<a class=\"post-item\" href=\"https:\/\/fondationduchum.com\/en\/news\/grand-banquet-de-lextraordinaire-2026\/\" aria-label=\"Read post &quot;2026 Grand Banquet de l\u2019extraordinaire: When Time Stands Still in the Name of Philanthropy&quot;\">\n  <div class=\"post-item__img\">\n    <img decoding=\"async\" width=\"768\" height=\"512\" src=\"https:\/\/fondationduchum.com\/wp-content\/uploads\/2025\/11\/55166737668_431c58dc2b_b-768x512.jpg\" class=\"attachment-medium_large size-medium_large wp-post-image\" alt=\"Photo de l&#039;\u00e9v\u00e8nement du Grand Banquet de l&#039;extraordinaire 2026\" sizes=\"(min-width:768px) 41vw, 77vw\" srcset=\"https:\/\/fondationduchum.com\/wp-content\/uploads\/2025\/11\/55166737668_431c58dc2b_b-768x512.jpg 768w, https:\/\/fondationduchum.com\/wp-content\/uploads\/2025\/11\/55166737668_431c58dc2b_b-300x200.jpg 300w, https:\/\/fondationduchum.com\/wp-content\/uploads\/2025\/11\/55166737668_431c58dc2b_b.jpg 1024w\" \/>  <\/div>\n  <div class=\"post-item__title__wrapper\">\n    <span class=\"post-item__title\">2026 Grand Banquet de l\u2019extraordinaire: When Time Stands Still in the Name of Philanthropy<\/span>\n    <p class=\"post-item__excerpt\">The 5th edition of the Grand Banquet de l\u2019extraodinaire, a CHUM Foundation benefit gala, took place [&#8230;]<\/p>\n  <\/div>\n  <div class=\"post-item__date\">\n    <span class=\"post-item__day\">02<\/span>\n    <span class=\"post-item__month-year\">April 2026<\/span>\n  <\/div>\n<\/a>\n            <\/div>\n                  <\/div>\n      <\/div>\n      <div class=\"vtx-swiper__navigation-wrapper\">\n        <div class=\"swiper-pagination vtx-swiper__pagination\"><\/div>\n        <div class=\"vtx-swiper__navigation\">\n          <div class=\"swiper-button-prev vtx-swiper__prev\"><\/div>\n          <div class=\"swiper-button-next vtx-swiper__next\"><\/div>\n        <\/div>\n      <\/div>\n    <\/div>\n\n    <div class=\"block-news__footer\">\n              <div class=\"block-news__header__links\">\n          <a href=\"https:\/\/fondationduchum.com\/en\/news\/\" class=\"btn\">Read more<\/a>        <\/div>\n          <\/div>\n  <\/section>\n\n\n\n  <section class=\"block-testimonials alignwide\"\n  >\n\n    <div class=\"block-testimonials__header\">\n              <h2>Inspiring stories<\/h2>\n      \n              <div class=\"block-testimonials__header__links\">\n          <a href=\"https:\/\/fondationduchum.com\/en\/your-testimonials\/\" class=\"btn\">Read more<\/a>        <\/div>\n          <\/div>\n\n    <div class=\"block-testimonials__carousel-wrapper\">\n      <div class=\"block-testimonials__carousel swiper\">\n        <div class=\"swiper-wrapper\">\n                      <div class=\"swiper-slide block-testimonials__slide\">\n              \n<a class=\"post-item-testimonial\" href=\"https:\/\/fondationduchum.com\/en\/why-give\/your-testimonials\/a-day-julie-will-never-forget\/\" aria-label=\"Read post &quot;A day Julie will never forget&quot;\">\n  <div class=\"post-item-testimonial__img\">\n    <img decoding=\"async\" width=\"427\" height=\"640\" src=\"https:\/\/fondationduchum.com\/wp-content\/uploads\/2026\/05\/Mariemorlonphotographie-382-1-1-e1778599796441.jpg\" class=\"attachment-large size-large wp-post-image\" alt=\"\" sizes=\"(min-width:1441px) 420px, (min-width:1200px) 21vw, (min-width:768px) 41vw, 77vw\" \/>  <\/div>\n\n  <div class=\"post-item-testimonial__title__wrapper\">\n    <span class=\"post-item-testimonial__title\">A day Julie will never forget<\/span>\n          <p class=\"post-item-testimonial__excerpt\">Even at 58, Julie Tanguay had always been a woman on the go. This mother of [&#8230;]<\/p>\n      <\/div>\n<\/a>\n            <\/div>\n                      <div class=\"swiper-slide block-testimonials__slide\">\n              \n<a class=\"post-item-testimonial\" href=\"https:\/\/fondationduchum.com\/en\/why-give\/your-testimonials\/how-richard-is-giving-future-generations-a-head-start\/\" aria-label=\"Read post &quot;How Richard is giving future generations a head start&quot;\">\n  <div class=\"post-item-testimonial__img\">\n    <img decoding=\"async\" width=\"1024\" height=\"768\" src=\"https:\/\/fondationduchum.com\/wp-content\/uploads\/2026\/04\/DP_Richard_Lavoie-1024x768.jpg\" class=\"attachment-large size-large wp-post-image\" alt=\"Le donateur Richard Lavoie\" sizes=\"(min-width:1441px) 420px, (min-width:1200px) 21vw, (min-width:768px) 41vw, 77vw\" srcset=\"https:\/\/fondationduchum.com\/wp-content\/uploads\/2026\/04\/DP_Richard_Lavoie-1024x768.jpg 1024w, https:\/\/fondationduchum.com\/wp-content\/uploads\/2026\/04\/DP_Richard_Lavoie-300x225.jpg 300w, https:\/\/fondationduchum.com\/wp-content\/uploads\/2026\/04\/DP_Richard_Lavoie-768x576.jpg 768w, https:\/\/fondationduchum.com\/wp-content\/uploads\/2026\/04\/DP_Richard_Lavoie-1536x1152.jpg 1536w, https:\/\/fondationduchum.com\/wp-content\/uploads\/2026\/04\/DP_Richard_Lavoie-2048x1536.jpg 2048w\" \/>  <\/div>\n\n  <div class=\"post-item-testimonial__title__wrapper\">\n    <span class=\"post-item-testimonial__title\">How Richard is giving future generations a head start<\/span>\n          <p class=\"post-item-testimonial__excerpt\">Richard Lavoie has always had a big heart, both with his partner of the past forty [&#8230;]<\/p>\n      <\/div>\n<\/a>\n            <\/div>\n                      <div class=\"swiper-slide block-testimonials__slide\">\n              \n<a class=\"post-item-testimonial\" href=\"https:\/\/fondationduchum.com\/en\/why-give\/your-testimonials\/lyne-s-family-values\/\" aria-label=\"Read post &quot;Lyne\u2019s family values live on through her legacy&quot;\">\n  <div class=\"post-item-testimonial__img\">\n    <img decoding=\"async\" width=\"612\" height=\"404\" src=\"https:\/\/fondationduchum.com\/wp-content\/uploads\/2026\/05\/La-generosite-de-Lyne-Hart.jpg\" class=\"attachment-large size-large wp-post-image\" alt=\"La g\u00e9n\u00e9rosit\u00e9 de Lyne Hart\" sizes=\"(min-width:1441px) 420px, (min-width:1200px) 21vw, (min-width:768px) 41vw, 77vw\" srcset=\"https:\/\/fondationduchum.com\/wp-content\/uploads\/2026\/05\/La-generosite-de-Lyne-Hart.jpg 612w, https:\/\/fondationduchum.com\/wp-content\/uploads\/2026\/05\/La-generosite-de-Lyne-Hart-300x198.jpg 300w\" \/>  <\/div>\n\n  <div class=\"post-item-testimonial__title__wrapper\">\n    <span class=\"post-item-testimonial__title\">Lyne\u2019s family values live on through her legacy<\/span>\n          <p class=\"post-item-testimonial__excerpt\">In Lyne Hart\u2019s family, generosity is in their blood. That\u2019s why she decided to\u00a0include a gift [&#8230;]<\/p>\n      <\/div>\n<\/a>\n            <\/div>\n                  <\/div>\n      <\/div>\n      <div class=\"vtx-swiper__navigation-wrapper\">\n        <div class=\"swiper-pagination vtx-swiper__pagination\"><\/div>\n        <div class=\"vtx-swiper__navigation\">\n          <div class=\"swiper-button-prev vtx-swiper__prev\"><\/div>\n          <div class=\"swiper-button-next vtx-swiper__next\"><\/div>\n        <\/div>\n      <\/div>\n    <\/div>\n\n    <div class=\"block-testimonials__footer\">\n              <div class=\"block-testimonials__header__links\">\n          <a href=\"https:\/\/fondationduchum.com\/en\/your-testimonials\/\" class=\"btn\">Read more<\/a>        <\/div>\n          <\/div>\n  <\/section>\n","protected":false},"excerpt":{"rendered":"<p>The impact of your generosity For 25 years, donors to the CHUM Foundation have been[&#8230;];<\/p>\n","protected":false},"author":1,"featured_media":0,"parent":0,"menu_order":38,"comment_status":"closed","ping_status":"closed","template":"","meta":{"_acf_changed":false,"footnotes":""},"class_list":["post-410","page","type-page","status-publish","hentry"],"acf":[],"_links":{"self":[{"href":"https:\/\/fondationduchum.com\/en\/wp-json\/wp\/v2\/pages\/410","targetHints":{"allow":["GET"]}}],"collection":[{"href":"https:\/\/fondationduchum.com\/en\/wp-json\/wp\/v2\/pages"}],"about":[{"href":"https:\/\/fondationduchum.com\/en\/wp-json\/wp\/v2\/types\/page"}],"author":[{"embeddable":true,"href":"https:\/\/fondationduchum.com\/en\/wp-json\/wp\/v2\/users\/1"}],"replies":[{"embeddable":true,"href":"https:\/\/fondationduchum.com\/en\/wp-json\/wp\/v2\/comments?post=410"}],"version-history":[{"count":8,"href":"https:\/\/fondationduchum.com\/en\/wp-json\/wp\/v2\/pages\/410\/revisions"}],"predecessor-version":[{"id":7354,"href":"https:\/\/fondationduchum.com\/en\/wp-json\/wp\/v2\/pages\/410\/revisions\/7354"}],"wp:attachment":[{"href":"https:\/\/fondationduchum.com\/en\/wp-json\/wp\/v2\/media?parent=410"}],"curies":[{"name":"wp","href":"https:\/\/api.w.org\/{rel}","templated":true}]}}