{"id":420,"date":"2025-09-24T13:04:39","date_gmt":"2025-09-24T17:04:39","guid":{"rendered":"https:\/\/fondationduchum.com\/why-give\/"},"modified":"2026-03-17T13:37:53","modified_gmt":"2026-03-17T17:37:53","slug":"why-give","status":"publish","type":"page","link":"https:\/\/fondationduchum.com\/en\/why-give\/","title":{"rendered":"Why give"},"content":{"rendered":"\n<div class=\"wp-block-group has-primary-color has-text-color has-link-color wp-elements-37f4d2145fc4484e887a12f722770a0a is-layout-constrained wp-block-group-is-layout-constrained\">\n<div class=\"wp-block-columns is-layout-flex wp-container-core-columns-is-layout-28f84493 wp-block-columns-is-layout-flex\">\n<div class=\"wp-block-column is-layout-flow wp-block-column-is-layout-flow\" style=\"flex-basis:5%\"><\/div>\n\n\n\n<div class=\"wp-block-column is-layout-flow wp-block-column-is-layout-flow\" style=\"flex-basis:90%\">\n<p><\/p>\n\n\n\n<p class=\"has-text-align-center\">Every gift to the CHUM Foundation is far more than an act of generosity\u2014it is a spark of hope and a driver of change. When you give, you\u2019re standing shoulder to shoulder with thousands of others who believe in a future where medicine keeps breaking new ground and where care is more personalized, more compassionate and more innovative. Your contribution doesn\u2019t just support a hospital: it supports the lives of patients, families and healthcare teams it helps us <strong>act faster than disease<\/strong>.<\/p>\n<\/div>\n\n\n\n<div class=\"wp-block-column is-layout-flow wp-block-column-is-layout-flow\" style=\"flex-basis:5%\"><\/div>\n<\/div>\n\n\n\n<p class=\"has-text-align-center\"><\/p>\n<\/div>\n\n\n\n<div class=\"wp-block-media-text is-stacked-on-mobile is-vertically-aligned-center is-style-doubble-radius has-light-yellow-background-color has-background\" style=\"grid-template-columns:32% auto\"><figure class=\"wp-block-media-text__media\"><img decoding=\"async\" width=\"550\" height=\"538\" src=\"https:\/\/fondationduchum.com\/wp-content\/uploads\/2025\/11\/Peter_900x976.png\" alt=\"\" class=\"wp-image-1773 size-full\" srcset=\"https:\/\/fondationduchum.com\/wp-content\/uploads\/2025\/11\/Peter_900x976.png 550w, https:\/\/fondationduchum.com\/wp-content\/uploads\/2025\/11\/Peter_900x976-300x293.png 300w\" sizes=\"(max-width: 550px) 100vw, 550px\" \/><\/figure><div class=\"wp-block-media-text__content\">\n<blockquote class=\"wp-block-quote is-layout-flow wp-block-quote-is-layout-flow\">\n<p>\u201cI was very lucky that the ambulance brought me to the CHUM. If I had gone somewhere else, I might not be here today to talk about it.\u201d<\/p>\n\n\n\n<p><br>\u2014 <strong>Peter Berson<\/strong>, CHUM patient<\/p>\n<\/blockquote>\n<\/div><\/div>\n\n\n\n<div class=\"wp-block-columns alignfull is-style-stats has-light-blue-background-color has-background is-layout-flex wp-container-core-columns-is-layout-28f84493 wp-block-columns-is-layout-flex\" id=\"the-chum\">\n<div class=\"wp-block-column is-layout-flow wp-block-column-is-layout-flow\" style=\"flex-basis:5%\"><\/div>\n\n\n\n<div class=\"wp-block-column is-layout-flow wp-block-column-is-layout-flow\" style=\"flex-basis:20%\">\n<h3 class=\"wp-block-heading is-style-item-stats\"><strong>500000<\/strong><\/h3>\n\n\n\n<p>Patients treated every year<\/p>\n\n\n\n<hr class=\"wp-block-separator has-text-color has-green-color has-alpha-channel-opacity has-green-background-color has-background\"\/>\n\n\n\n<h3 class=\"wp-block-heading is-style-item-stats\"><strong>19000<\/strong><\/h3>\n\n\n\n<p>Employees<\/p>\n\n\n\n<hr class=\"wp-block-separator has-text-color has-green-color has-alpha-channel-opacity has-green-background-color has-background\"\/>\n\n\n\n<h3 class=\"wp-block-heading is-style-item-stats\"><strong>1000<\/strong><\/h3>\n\n\n\n<p>Volunteers<\/p>\n\n\n\n<hr class=\"wp-block-separator has-text-color has-green-color has-alpha-channel-opacity has-green-background-color has-background\"\/>\n<\/div>\n\n\n\n<div class=\"wp-block-column is-layout-flow wp-block-column-is-layout-flow\" style=\"flex-basis:20%\">\n<h3 class=\"wp-block-heading is-style-item-stats\"><strong>33<\/strong><\/h3>\n\n\n\n<p>Research chair<\/p>\n\n\n\n<hr class=\"wp-block-separator has-text-color has-green-color has-alpha-channel-opacity has-green-background-color has-background\"\/>\n\n\n\n<h3 class=\"wp-block-heading is-style-item-stats\"><strong>2300<\/strong><\/h3>\n\n\n\n<p>Clinical trials underway<\/p>\n\n\n\n<hr class=\"wp-block-separator has-text-color has-green-color has-alpha-channel-opacity has-green-background-color has-background\"\/>\n\n\n\n<h3 class=\"wp-block-heading is-style-item-stats\"><strong>2193<\/strong><\/h3>\n\n\n\n<p>Employees in research and innovation<\/p>\n\n\n\n<hr class=\"wp-block-separator has-text-color has-green-color has-alpha-channel-opacity has-green-background-color has-background\"\/>\n<\/div>\n\n\n\n<div class=\"wp-block-column is-layout-flow wp-block-column-is-layout-flow\" style=\"flex-basis:20%\">\n<h3 class=\"wp-block-heading is-style-item-stats\"><strong>5276<\/strong><\/h3>\n\n\n\n<p>Students,&nbsp;residents&nbsp;and fellows<\/p>\n\n\n\n<hr class=\"wp-block-separator has-text-color has-green-color has-alpha-channel-opacity has-green-background-color has-background\"\/>\n\n\n\n<h3 class=\"wp-block-heading is-style-item-stats\"><strong>133<\/strong><\/h3>\n\n\n\n<p>Training programs<\/p>\n\n\n\n<hr class=\"wp-block-separator has-text-color has-green-color has-alpha-channel-opacity has-green-background-color has-background\"\/>\n\n\n\n<p><em>Data provided by the CHUM for 2025.<\/em><\/p>\n<\/div>\n\n\n\n<div class=\"wp-block-column is-layout-flow wp-block-column-is-layout-flow\" style=\"flex-basis:25%\">\n<figure class=\"wp-block-image size-large is-style-doubble-radius\"><img decoding=\"async\" width=\"683\" height=\"1024\" src=\"https:\/\/fondationduchum.com\/wp-content\/uploads\/2026\/01\/4692-2-RET-683x1024.jpg\" alt=\"\" class=\"wp-image-3389\" srcset=\"https:\/\/fondationduchum.com\/wp-content\/uploads\/2026\/01\/4692-2-RET-683x1024.jpg 683w, https:\/\/fondationduchum.com\/wp-content\/uploads\/2026\/01\/4692-2-RET-200x300.jpg 200w, https:\/\/fondationduchum.com\/wp-content\/uploads\/2026\/01\/4692-2-RET-768x1151.jpg 768w, https:\/\/fondationduchum.com\/wp-content\/uploads\/2026\/01\/4692-2-RET-1025x1536.jpg 1025w, https:\/\/fondationduchum.com\/wp-content\/uploads\/2026\/01\/4692-2-RET-1367x2048.jpg 1367w, https:\/\/fondationduchum.com\/wp-content\/uploads\/2026\/01\/4692-2-RET-scaled.jpg 1709w\" sizes=\"(max-width: 683px) 100vw, 683px\" \/><\/figure>\n<\/div>\n<\/div>\n\n\n\n  <section class=\"block-testimonials alignwide\"\n      id=\"your-testimonials\">\n\n    <div class=\"block-testimonials__header\">\n              <h2>Discover inspiring stories<\/h2>\n      \n              <div class=\"block-testimonials__header__links\">\n          <a href='https:\/\/fondationduchum.com\/en\/why-give\/your-testimonials\/' class=\"btn\">Read more<\/a>        <\/div>\n          <\/div>\n\n    <div class=\"block-testimonials__carousel-wrapper\">\n      <div class=\"block-testimonials__carousel swiper\">\n        <div class=\"swiper-wrapper\">\n                      <div class=\"swiper-slide block-testimonials__slide\">\n              \n<a class=\"post-item-testimonial\" href=\"https:\/\/fondationduchum.com\/en\/why-give\/your-testimonials\/richard-is-giving-a-head-start\/\" aria-label=\"Read post &quot;How Richard is giving future generations a head start&quot;\">\n  <div class=\"post-item-testimonial__img\">\n    <img decoding=\"async\" width=\"1024\" height=\"768\" src=\"https:\/\/fondationduchum.com\/wp-content\/uploads\/2026\/04\/DP_Richard_Lavoie-1024x768.jpg\" class=\"attachment-large size-large wp-post-image\" alt=\"Le donateur Richard Lavoie\" sizes=\"(min-width:1441px) 420px, (min-width:1200px) 21vw, (min-width:768px) 41vw, 77vw\" srcset=\"https:\/\/fondationduchum.com\/wp-content\/uploads\/2026\/04\/DP_Richard_Lavoie-1024x768.jpg 1024w, https:\/\/fondationduchum.com\/wp-content\/uploads\/2026\/04\/DP_Richard_Lavoie-300x225.jpg 300w, https:\/\/fondationduchum.com\/wp-content\/uploads\/2026\/04\/DP_Richard_Lavoie-768x576.jpg 768w, https:\/\/fondationduchum.com\/wp-content\/uploads\/2026\/04\/DP_Richard_Lavoie-1536x1152.jpg 1536w, https:\/\/fondationduchum.com\/wp-content\/uploads\/2026\/04\/DP_Richard_Lavoie-2048x1536.jpg 2048w\" \/>  <\/div>\n\n  <div class=\"post-item-testimonial__title__wrapper\">\n    <span class=\"post-item-testimonial__title\">How Richard is giving future generations a head start<\/span>\n          <p class=\"post-item-testimonial__excerpt\">Richard Lavoie has always had a big heart, both with his partner of the past forty [&#8230;]<\/p>\n      <\/div>\n<\/a>\n            <\/div>\n                      <div class=\"swiper-slide block-testimonials__slide\">\n              \n<a class=\"post-item-testimonial\" href=\"https:\/\/fondationduchum.com\/en\/why-give\/your-testimonials\/lyne-s-family-values\/\" aria-label=\"Read post &quot;Lyne\u2019s family values live on through her legacy&quot;\">\n  <div class=\"post-item-testimonial__img\">\n    <img decoding=\"async\" width=\"612\" height=\"404\" src=\"https:\/\/fondationduchum.com\/wp-content\/uploads\/2026\/05\/La-generosite-de-Lyne-Hart.jpg\" class=\"attachment-large size-large wp-post-image\" alt=\"La g\u00e9n\u00e9rosit\u00e9 de Lyne Hart\" sizes=\"(min-width:1441px) 420px, (min-width:1200px) 21vw, (min-width:768px) 41vw, 77vw\" srcset=\"https:\/\/fondationduchum.com\/wp-content\/uploads\/2026\/05\/La-generosite-de-Lyne-Hart.jpg 612w, https:\/\/fondationduchum.com\/wp-content\/uploads\/2026\/05\/La-generosite-de-Lyne-Hart-300x198.jpg 300w\" \/>  <\/div>\n\n  <div class=\"post-item-testimonial__title__wrapper\">\n    <span class=\"post-item-testimonial__title\">Lyne\u2019s family values live on through her legacy<\/span>\n          <p class=\"post-item-testimonial__excerpt\">In Lyne Hart\u2019s family, generosity is in their blood. That\u2019s why she decided to\u00a0include a gift [&#8230;]<\/p>\n      <\/div>\n<\/a>\n            <\/div>\n                      <div class=\"swiper-slide block-testimonials__slide\">\n              \n<a class=\"post-item-testimonial\" href=\"https:\/\/fondationduchum.com\/en\/why-give\/your-testimonials\/louis-from-epilepsy-to-freedom\/\" aria-label=\"Read post &quot;Epilepsy: How surgery at the CHUM changed Louis\u2019s life for good&quot;\">\n  <div class=\"post-item-testimonial__img\">\n    <img decoding=\"async\" width=\"771\" height=\"1024\" src=\"https:\/\/fondationduchum.com\/wp-content\/uploads\/2026\/04\/PXL_20250503_212035179.PORTRAIT-771x1024.jpg\" class=\"attachment-large size-large wp-post-image\" alt=\"Louis Harris\" sizes=\"(min-width:1441px) 420px, (min-width:1200px) 21vw, (min-width:768px) 41vw, 77vw\" srcset=\"https:\/\/fondationduchum.com\/wp-content\/uploads\/2026\/04\/PXL_20250503_212035179.PORTRAIT-771x1024.jpg 771w, https:\/\/fondationduchum.com\/wp-content\/uploads\/2026\/04\/PXL_20250503_212035179.PORTRAIT-226x300.jpg 226w, https:\/\/fondationduchum.com\/wp-content\/uploads\/2026\/04\/PXL_20250503_212035179.PORTRAIT-768x1020.jpg 768w, https:\/\/fondationduchum.com\/wp-content\/uploads\/2026\/04\/PXL_20250503_212035179.PORTRAIT-1157x1536.jpg 1157w, https:\/\/fondationduchum.com\/wp-content\/uploads\/2026\/04\/PXL_20250503_212035179.PORTRAIT-1542x2048.jpg 1542w, https:\/\/fondationduchum.com\/wp-content\/uploads\/2026\/04\/PXL_20250503_212035179.PORTRAIT-scaled.jpg 1928w\" \/>  <\/div>\n\n  <div class=\"post-item-testimonial__title__wrapper\">\n    <span class=\"post-item-testimonial__title\">Epilepsy: How surgery at the CHUM changed Louis\u2019s life for good<\/span>\n          <p class=\"post-item-testimonial__excerpt\">Twenty-nine-year-old Louis Harris is an engineer who lives life to the fullest. He didn\u2019t always have [&#8230;]<\/p>\n      <\/div>\n<\/a>\n            <\/div>\n                  <\/div>\n      <\/div>\n      <div class=\"vtx-swiper__navigation-wrapper\">\n        <div class=\"swiper-pagination vtx-swiper__pagination\"><\/div>\n        <div class=\"vtx-swiper__navigation\">\n          <div class=\"swiper-button-prev vtx-swiper__prev\"><\/div>\n          <div class=\"swiper-button-next vtx-swiper__next\"><\/div>\n        <\/div>\n      <\/div>\n    <\/div>\n\n    <div class=\"block-testimonials__footer\">\n              <div class=\"block-testimonials__header__links\">\n          <a href='https:\/\/fondationduchum.com\/en\/why-give\/your-testimonials\/' class=\"btn\">Read more<\/a>        <\/div>\n          <\/div>\n  <\/section>\n\n\n\n<div class=\"wp-block-media-text has-media-on-the-right is-stacked-on-mobile is-vertically-aligned-center is-style-doubble-radius has-light-blue-background-color has-background\" style=\"grid-template-columns:auto 32%\" id=\"where-your-donations-go\"><div class=\"wp-block-media-text__content\">\n<p id=\"ou-vont-vos-dons\">Discover how your contributions are invested in concrete projects at the CHUM \u2014 from research and innovation to equipment and patient care.<\/p>\n\n\n\n<div class=\"wp-block-buttons is-layout-flex wp-block-buttons-is-layout-flex\">\n<div class=\"wp-block-button\"><a class=\"wp-block-button__link wp-element-button\" href=\"https:\/\/fondationduchum.com\/en\/why-give\/where-your-donations-go\/\"><strong>Learn where your donations go<\/strong><\/a><\/div>\n<\/div>\n<\/div><figure class=\"wp-block-media-text__media\"><img decoding=\"async\" width=\"902\" height=\"1024\" src=\"https:\/\/fondationduchum.com\/wp-content\/uploads\/2026\/01\/1120no2L_soft-RET-902x1024.jpg\" alt=\"\" class=\"wp-image-3385 size-full\" srcset=\"https:\/\/fondationduchum.com\/wp-content\/uploads\/2026\/01\/1120no2L_soft-RET-902x1024.jpg 902w, https:\/\/fondationduchum.com\/wp-content\/uploads\/2026\/01\/1120no2L_soft-RET-264x300.jpg 264w, https:\/\/fondationduchum.com\/wp-content\/uploads\/2026\/01\/1120no2L_soft-RET-768x871.jpg 768w, https:\/\/fondationduchum.com\/wp-content\/uploads\/2026\/01\/1120no2L_soft-RET-1354x1536.jpg 1354w, https:\/\/fondationduchum.com\/wp-content\/uploads\/2026\/01\/1120no2L_soft-RET-1805x2048.jpg 1805w\" sizes=\"(max-width: 902px) 100vw, 902px\" \/><\/figure><\/div>\n\n\n\n<p><\/p>\n","protected":false},"excerpt":{"rendered":"<p>Every gift to the CHUM Foundation is far more than an act of generosity\u2014it is[&#8230;];<\/p>\n","protected":false},"author":1,"featured_media":0,"parent":0,"menu_order":1,"comment_status":"closed","ping_status":"closed","template":"","meta":{"_acf_changed":false,"footnotes":""},"class_list":["post-420","page","type-page","status-publish","hentry"],"acf":[],"_links":{"self":[{"href":"https:\/\/fondationduchum.com\/en\/wp-json\/wp\/v2\/pages\/420","targetHints":{"allow":["GET"]}}],"collection":[{"href":"https:\/\/fondationduchum.com\/en\/wp-json\/wp\/v2\/pages"}],"about":[{"href":"https:\/\/fondationduchum.com\/en\/wp-json\/wp\/v2\/types\/page"}],"author":[{"embeddable":true,"href":"https:\/\/fondationduchum.com\/en\/wp-json\/wp\/v2\/users\/1"}],"replies":[{"embeddable":true,"href":"https:\/\/fondationduchum.com\/en\/wp-json\/wp\/v2\/comments?post=420"}],"version-history":[{"count":8,"href":"https:\/\/fondationduchum.com\/en\/wp-json\/wp\/v2\/pages\/420\/revisions"}],"predecessor-version":[{"id":6329,"href":"https:\/\/fondationduchum.com\/en\/wp-json\/wp\/v2\/pages\/420\/revisions\/6329"}],"wp:attachment":[{"href":"https:\/\/fondationduchum.com\/en\/wp-json\/wp\/v2\/media?parent=420"}],"curies":[{"name":"wp","href":"https:\/\/api.w.org\/{rel}","templated":true}]}}